{"id":86,"date":"2019-12-10T23:12:50","date_gmt":"2019-12-10T22:12:50","guid":{"rendered":"http:\/\/kanea.be\/?page_id=86"},"modified":"2022-09-02T13:18:01","modified_gmt":"2022-09-02T11:18:01","slug":"contactez-nous","status":"publish","type":"page","link":"https:\/\/kanea.be\/?page_id=86","title":{"rendered":"Contactez-nous"},"content":{"rendered":"\n<p>Une question ?<\/p>\n\n\n\n<p>Contactez-nous par mail \u00e0 l&rsquo;adresse info@kanea.be<\/p>\n\n\n\n<p>Nous nous ferons un plaisir de vous r\u00e9pondre dans les plus brefs d\u00e9lais. <br><br><\/p>\n","protected":false},"excerpt":{"rendered":"<p>Une question ? Contactez-nous par mail \u00e0 l&rsquo;adresse info@kanea.be Nous nous ferons un plaisir de vous r\u00e9pondre dans les plus brefs d\u00e9lais.<\/p>\n","protected":false},"author":1,"featured_media":0,"parent":0,"menu_order":0,"comment_status":"closed","ping_status":"closed","template":"","meta":[],"_links":{"self":[{"href":"https:\/\/kanea.be\/index.php?rest_route=\/wp\/v2\/pages\/86"}],"collection":[{"href":"https:\/\/kanea.be\/index.php?rest_route=\/wp\/v2\/pages"}],"about":[{"href":"https:\/\/kanea.be\/index.php?rest_route=\/wp\/v2\/types\/page"}],"author":[{"embeddable":true,"href":"https:\/\/kanea.be\/index.php?rest_route=\/wp\/v2\/users\/1"}],"replies":[{"embeddable":true,"href":"https:\/\/kanea.be\/index.php?rest_route=%2Fwp%2Fv2%2Fcomments&post=86"}],"version-history":[{"count":3,"href":"https:\/\/kanea.be\/index.php?rest_route=\/wp\/v2\/pages\/86\/revisions"}],"predecessor-version":[{"id":306,"href":"https:\/\/kanea.be\/index.php?rest_route=\/wp\/v2\/pages\/86\/revisions\/306"}],"wp:attachment":[{"href":"https:\/\/kanea.be\/index.php?rest_route=%2Fwp%2Fv2%2Fmedia&parent=86"}],"curies":[{"name":"wp","href":"https:\/\/api.w.org\/{rel}","templated":true}]}}