{"id":50,"date":"2019-11-11T18:15:00","date_gmt":"2019-11-11T17:15:00","guid":{"rendered":"http:\/\/kanea.be\/?page_id=50"},"modified":"2020-02-01T00:40:46","modified_gmt":"2020-01-31T23:40:46","slug":"projet-pedagogique","status":"publish","type":"page","link":"https:\/\/kanea.be\/?page_id=50","title":{"rendered":"Projet p\u00e9dagogique"},"content":{"rendered":"\n<p><strong>1. Pr\u00e9sentation de l\u2019association&nbsp;<\/strong><\/p>\n\n\n\n<p>L\u2019asbl KANEA a \u00e9t\u00e9 cr\u00e9\u00e9e en 2019 suite \u00e0 l\u2019association de deux parents berchemois&nbsp; pr\u00e9c\u00e9demment actifs au sein de leur Association de Parents (7 \u00e9toiles). L\u2019id\u00e9e et l\u2019envie de s\u2019associer et de cr\u00e9er KANEA provient du souhait d\u2019\u00e9largir leur champ d\u2019action en r\u00e9pondant ainsi \u00e0 une demande grandissante \u00e0 Berchem.<\/p>\n\n\n\n<p>Emmanuelle est secr\u00e9taire de direction au service Promotion de la Sant\u00e9 \u00e0 l\u2019\u00c9cole de la COCOF depuis plus de 15 ans. Elle est \u00e9galement secr\u00e9taire de l\u2019Association des Parents des 7 \u00e9toiles depuis 2016. Gr\u00e2ce \u00e0 son travail, elle est r\u00e9guli\u00e8rement en contact avec les \u00e9quipes \u00e9ducatives de diff\u00e9rents \u00e9tablissements. Sa connaissance du terrain et des besoins des enfants ainsi que son r\u00f4le au sein de l\u2019Association des Parents constituent une v\u00e9ritable force pour le projet KANEA.<\/p>\n\n\n\n<p>Nawfal est Charg\u00e9 de Communication depuis plus de 10 ans et pr\u00e9sident de l\u2019Association des Parents des 7 \u00e9toiles depuis 2018. C\u2019est sa volont\u00e9 de faciliter l\u2019acc\u00e8s \u00e0 l\u2019information et un d\u00e9sir de f\u00e9d\u00e9rer les Parents autour de LEUR association qui lui ont permis de contribuer au d\u00e9veloppement de nombreuses activit\u00e9s parascolaires au sein de l\u2019\u00e9cole maternelles des 7 \u00e9toiles.<\/p>\n\n\n\n<p>Aujourd\u2019hui, leur association y organise 11 ateliers par semaine en y accueillant plus de 100 enfants. La demande \u00e9tant croissante, surtout en dehors de l\u2019\u00e9cole, Emmanuelle et Nawfal ont souhait\u00e9 proposer une offre suppl\u00e9mentaire au sein de la commune de Berchem avec les deux crit\u00e8res qui les tiennent \u00e0 coeur : qualit\u00e9 et rigueur.<\/p>\n\n\n\n<p>KANEA asbl adh\u00e8re au code de qualit\u00e9 de l\u2019ONE, entr\u00e9 en vigueur le 1er janvier 2004.&nbsp;<\/p>\n\n\n\n<p>L&rsquo;association veille particuli\u00e8rement \u00e0 \u00e9tablir une relation de confiance avec les parents mais aussi \u00e0 la qualit\u00e9 de la relation entre son \u00e9quipe et les enfants. Tout est mis en oeuvre pour permettre \u00e0 l\u2019enfant de s\u2019exprimer librement et favoriser le d\u00e9veloppement de la confiance en soi et de l\u2019autonomie.<\/p>\n\n\n\n<p><em>\u201cL\u2019une de nos principales pr\u00e9occupations est de veiller \u00e0 ce que l\u2019encadrement soit assur\u00e9 par du personnel qualifi\u00e9 qui a des comp\u00e9tences n\u00e9cessaires pour r\u00e9pondre aux besoins des enfants et aux sp\u00e9cificit\u00e9s du type d\u2019accueil organis\u00e9\u201d, <\/em>expliquent Emmanuelle et Nawfal.<\/p>\n\n\n\n<p><strong>2. Mission principale<\/strong><\/p>\n\n\n\n<p>Assurer les activit\u00e9s parascolaires accessibles aux enfants de 2,5 ans \u00e0 12 ans afin de r\u00e9pondre aux demandes des parents&nbsp; pour offrir un accueil alternatif \u00e0 celui existant et \u00e9largir ainsi l\u2019offre propos\u00e9e sur la commune de Berchem. Ceci afin d\u2019offrir aux enfants un accueil et des activit\u00e9s parascolaires de qualit\u00e9 et de permettre aux parents de concilier la vie professionnelle et familiale plus ais\u00e9ment.<\/p>\n\n\n\n<p><strong>3. Public<\/strong><\/p>\n\n\n\n<p>Nos activit\u00e9s sont accessibles uniquement aux enfants \u00e2g\u00e9s de 2,5 ans \u00e0 12 ans.<\/p>\n\n\n\n<p><strong>4. Objectifs<\/strong><\/p>\n\n\n\n<p>Notre projet d\u2019accueil s\u2019articule autour du bien-\u00eatre et du plaisir de l\u2019enfant.&nbsp;<\/p>\n\n\n\n<p>Nous avons pour objectifs de:<\/p>\n\n\n\n<ul><li>Contribuer \u00e0 l\u2019\u00e9panouissement global de l\u2019enfant au travers des ateliers parascolaires adapt\u00e9s \u00e0 la capacit\u00e9 et au rythme de l\u2019enfant<\/li><li>D\u00e9velopper le sens artistique des enfants au travers des diverses activit\u00e9s propos\u00e9es<\/li><li>Contribuer au d\u00e9veloppement physique de l\u2019enfant&nbsp;<\/li><li>Contribuer \u00e0 la coh\u00e9sion sociale en favorisant l\u2019h\u00e9t\u00e9rog\u00e9n\u00e9it\u00e9 dans un m\u00eame lieu<\/li><li>Contribuer \u00e0 l\u2019apprentissage de la citoyennet\u00e9 de l\u2019enfant par la pratique de la vie en soci\u00e9t\u00e9, par la coop\u00e9ration et le respect des r\u00e8gles<\/li><li>Promouvoir l\u2019int\u00e9gration sociale de l\u2019enfant en respectant les diff\u00e9rences physiques, culturelles ou sociales.<\/li><\/ul>\n\n\n\n<p><strong>4.1 Le bien-\u00eatre<\/strong><\/p>\n\n\n\n<p>Nous veillons aux conditions de bien-\u00eatre g\u00e9n\u00e9ral de l\u2019enfant&nbsp;:<\/p>\n\n\n\n<ul><li>En organisant des groupes de capacit\u00e9 maximale qui ne d\u00e9passent pas 15 enfants par adulte encadrant<\/li><li>En v\u00e9rifiant que les animatrices soient qualifi\u00e9es et qu\u2019elles aient les connaissances&nbsp; approfondies en  mati\u00e8re de d\u00e9veloppement de l\u2019enfant<\/li><li>En organisant l\u2019accueil dans des locaux adapt\u00e9s ainsi qu\u2019en veillant \u00e0 l\u2019am\u00e9nagement et l\u2019entretien de ces locaux&nbsp;<\/li><li>En veillant \u00e0 respecter le rythme de l\u2019enfant<\/li><li>En posant&nbsp; un  cadre  structurant o\u00f9&nbsp; les  limites  de  chacun  sont&nbsp; claires,  o\u00f9  les  r\u00e8gles  de  politesse&nbsp; et  de respect mutuel sont explicites<\/li><li>En veillant \u00e0 ce que le cadre soit s\u00e9curisant et rassurant pour les parents et les enfants<\/li><li>En proposant des activit\u00e9s physiques et cr\u00e9atives vari\u00e9es.<\/li><\/ul>\n\n\n\n<p><strong>4.2 Le d\u00e9veloppement de l\u2019autonomie, la socialisation et la citoyennet\u00e9<\/strong><\/p>\n\n\n\n<p>Nous veillons au d\u00e9veloppement de ces concepts&nbsp;:&nbsp;<\/p>\n\n\n\n<ul><li>En instaurant&nbsp; un  climat  de  tol\u00e9rance&nbsp; et  de  coop\u00e9ration  entre  les&nbsp; enfants,  en  valorisant  l\u2019entraide<\/li><\/ul>\n\n\n\n<p><strong>4.3 \u00c9panouissement physique, cr\u00e9atif et intellectuel<\/strong><\/p>\n\n\n\n<ul><li>Contribuer au d\u00e9veloppement physique en proposant des activit\u00e9s sportives<\/li><li>D\u00e9velopper la cr\u00e9ativit\u00e9 de l\u2019enfant au travers les diff\u00e9rentes techniques d\u2019expression&nbsp; et  de  communication  par l\u2019organisation d\u2019activit\u00e9s artistiques<\/li><\/ul>\n\n\n\n<p><strong>5. Lieu des ateliers<\/strong><\/p>\n\n\n\n<p>L\u2019association utilise des infrastructures berchemoises adapt\u00e9es aux besoins des stages et ateliers.<\/p>\n\n\n\n<p><strong>6. Les ateliers propos\u00e9s et les horaires<\/strong><\/p>\n\n\n\n<p>Stage d\u2019initiation au hip-hop<\/p>\n\n\n\n<p>Th\u00e9\u00e2tre<\/p>\n\n\n\n<p>Contes et th\u00e9\u00e2tre en n\u00e9erlandais (immersion)<\/p>\n\n\n\n<p>Foot-freestyle : \u00e0 la d\u00e9couverte du foot artistique et acrobatique<\/p>\n\n\n\n<p><strong>7. D\u00e9roulement des ateliers<\/strong><\/p>\n\n\n\n<p>La journ\u00e9e-type dans le cadre d\u2019un stage chez KANEA :<\/p>\n\n\n\n<p>7h30-9h00 : accueil des familles + garderie<\/p>\n\n\n\n<p>9h00-12h00 : activit\u00e9s li\u00e9es au stage<\/p>\n\n\n\n<p>12h00-13h30 : Repas + temps libre organis\u00e9 (coin sieste \/ coin relaxation \/ coin jeux)<\/p>\n\n\n\n<p>13h30 &#8211; 16h00 : activit\u00e9s r\u00e9cr\u00e9atives + go\u00fbter \u00e0 15h00<\/p>\n\n\n\n<p>16h00-18h00 : garderie anim\u00e9e<br><\/p>\n\n\n\n<p><strong>8. Le r\u00f4le de l\u2019\u00e9quipe d\u2019animation<\/strong><\/p>\n\n\n\n<p>Nos animateur(rice)s ont pour r\u00f4le d\u2019accueillir les enfants, de mettre en place des animations, d\u2019assurer la mise en place d\u2019un cadre clair et de veiller au respect de celui-ci, d\u2019encadrer les activit\u00e9s, d\u2019assurer le suivi des contacts avec les familles, de relayer les informations aux parents, de veiller \u00e0 la mise en application des objectifs du pr\u00e9sent projet p\u00e9dagogique.&nbsp;<\/p>\n\n\n\n<p>Nous veillons \u00e0 collaborer uniquement avec des animatrices qui poss\u00e8dent des connaissances&nbsp; approfondies en  mati\u00e8re de d\u00e9veloppement de l\u2019enfant.<\/p>\n\n\n\n<p><strong>9. Modalit\u00e9s d\u2019inscriptions<\/strong><\/p>\n\n\n\n<p>Pour chaque activit\u00e9, un formulaire est mis en ligne sur le site www.kanea.be <br>Une fois l\u2019enfant inscrit en ligne, les parents devront proc\u00e9der au paiement bancaire. Seul celui-ci finalisera l\u2019inscription.<\/p>\n\n\n\n<p>L\u2019origine, les convictions personnelles, le milieu socio-\u00e9conomique, culturel (&#8230;) ne peuvent \u00eatre en aucun cas des motifs d\u2019exclusion. La diversit\u00e9 de la population contribue \u00e0 la richesse de l\u2019accueil.<\/p>\n\n\n\n<p>Nous attendons des parents qu\u2019ils soient des partenaires dans l\u2019accueil de leurs enfants et l\u2019inscription aux ateliers implique l\u2019adh\u00e9sion au pr\u00e9sent projet p\u00e9dagogique, et au respect des&nbsp; r\u00e8gles d\u2019ordre int\u00e9rieur de l\u2019association.<\/p>\n\n\n\n<p><strong>10. Le tarif<\/strong><\/p>\n\n\n\n<p>La volont\u00e9 de l\u2019asbl KANEA est de garder des tarifs accessibles au plus large public possible.&nbsp;<\/p>\n\n\n\n<p><strong>11. L\u2019assurance<\/strong><\/p>\n\n\n\n<p>L\u2019association souscrit une assurance responsabilit\u00e9 civile, d\u00e9g\u00e2ts mat\u00e9riels et physiques avant le d\u00e9but des ateliers, couvrant tous les participants, enfants et animatrices.<br><\/p>\n","protected":false},"excerpt":{"rendered":"<p>1. Pr\u00e9sentation de l\u2019association&nbsp; L\u2019asbl KANEA a \u00e9t\u00e9 cr\u00e9\u00e9e en 2019 suite \u00e0 l\u2019association de deux parents berchemois&nbsp; pr\u00e9c\u00e9demment actifs au sein de leur Association de Parents (7 \u00e9toiles). L\u2019id\u00e9e et l\u2019envie de s\u2019associer et de cr\u00e9er KANEA provient du souhait d\u2019\u00e9largir leur champ d\u2019action en r\u00e9pondant ainsi \u00e0 une demande grandissante \u00e0 Berchem. Emmanuelle [&hellip;]<\/p>\n","protected":false},"author":1,"featured_media":0,"parent":0,"menu_order":0,"comment_status":"closed","ping_status":"closed","template":"","meta":[],"_links":{"self":[{"href":"https:\/\/kanea.be\/index.php?rest_route=\/wp\/v2\/pages\/50"}],"collection":[{"href":"https:\/\/kanea.be\/index.php?rest_route=\/wp\/v2\/pages"}],"about":[{"href":"https:\/\/kanea.be\/index.php?rest_route=\/wp\/v2\/types\/page"}],"author":[{"embeddable":true,"href":"https:\/\/kanea.be\/index.php?rest_route=\/wp\/v2\/users\/1"}],"replies":[{"embeddable":true,"href":"https:\/\/kanea.be\/index.php?rest_route=%2Fwp%2Fv2%2Fcomments&post=50"}],"version-history":[{"count":2,"href":"https:\/\/kanea.be\/index.php?rest_route=\/wp\/v2\/pages\/50\/revisions"}],"predecessor-version":[{"id":132,"href":"https:\/\/kanea.be\/index.php?rest_route=\/wp\/v2\/pages\/50\/revisions\/132"}],"wp:attachment":[{"href":"https:\/\/kanea.be\/index.php?rest_route=%2Fwp%2Fv2%2Fmedia&parent=50"}],"curies":[{"name":"wp","href":"https:\/\/api.w.org\/{rel}","templated":true}]}}