{"id":281,"date":"2021-04-28T18:20:27","date_gmt":"2021-04-28T16:20:27","guid":{"rendered":"https:\/\/www.kanea.be\/?page_id=281"},"modified":"2021-04-29T11:24:44","modified_gmt":"2021-04-29T09:24:44","slug":"tous-nos-stages","status":"publish","type":"page","link":"https:\/\/kanea.be\/?page_id=281","title":{"rendered":"Tous nos stages"},"content":{"rendered":"\t\t<div data-elementor-type=\"wp-page\" data-elementor-id=\"281\" class=\"elementor elementor-281\" data-elementor-settings=\"[]\">\n\t\t\t\t\t\t<div class=\"elementor-inner\">\n\t\t\t\t\t\t\t<div class=\"elementor-section-wrap\">\n\t\t\t\t\t\t\t<section class=\"elementor-section elementor-top-section elementor-element elementor-element-db20a83 elementor-section-boxed elementor-section-height-default elementor-section-height-default\" data-id=\"db20a83\" data-element_type=\"section\">\n\t\t\t\t\t\t<div class=\"elementor-container elementor-column-gap-default\">\n\t\t\t\t\t\t\t<div class=\"elementor-row\">\n\t\t\t\t\t<div class=\"elementor-column elementor-col-100 elementor-top-column elementor-element elementor-element-eddf674\" data-id=\"eddf674\" data-element_type=\"column\">\n\t\t\t<div class=\"elementor-column-wrap elementor-element-populated\">\n\t\t\t\t\t\t\t<div class=\"elementor-widget-wrap\">\n\t\t\t\t\t\t<div class=\"elementor-element elementor-element-0ceca79 elementor-widget-divider--view-line elementor-widget elementor-widget-divider\" data-id=\"0ceca79\" data-element_type=\"widget\" data-widget_type=\"divider.default\">\n\t\t\t\t<div class=\"elementor-widget-container\">\n\t\t\t\t\t<div class=\"elementor-divider\">\n\t\t\t<span class=\"elementor-divider-separator\">\n\t\t\t\t\t\t<\/span>\n\t\t<\/div>\n\t\t\t\t<\/div>\n\t\t\t\t<\/div>\n\t\t\t\t\t\t<\/div>\n\t\t\t\t\t<\/div>\n\t\t<\/div>\n\t\t\t\t\t\t\t\t<\/div>\n\t\t\t\t\t<\/div>\n\t\t<\/section>\n\t\t\t\t<section class=\"elementor-section elementor-top-section elementor-element elementor-element-f4b4e73 elementor-section-boxed elementor-section-height-default elementor-section-height-default\" data-id=\"f4b4e73\" data-element_type=\"section\">\n\t\t\t\t\t\t<div class=\"elementor-container elementor-column-gap-default\">\n\t\t\t\t\t\t\t<div class=\"elementor-row\">\n\t\t\t\t\t<div class=\"elementor-column elementor-col-100 elementor-top-column elementor-element elementor-element-2033905\" data-id=\"2033905\" data-element_type=\"column\">\n\t\t\t<div class=\"elementor-column-wrap elementor-element-populated\">\n\t\t\t\t\t\t\t<div class=\"elementor-widget-wrap\">\n\t\t\t\t\t\t<div class=\"elementor-element elementor-element-f18b0e6 elementor-widget elementor-widget-heading\" data-id=\"f18b0e6\" data-element_type=\"widget\" data-widget_type=\"heading.default\">\n\t\t\t\t<div class=\"elementor-widget-container\">\n\t\t\t<h1 class=\"elementor-heading-title elementor-size-xxl\">\u00c0 VENIR<\/h1>\t\t<\/div>\n\t\t\t\t<\/div>\n\t\t\t\t\t\t<\/div>\n\t\t\t\t\t<\/div>\n\t\t<\/div>\n\t\t\t\t\t\t\t\t<\/div>\n\t\t\t\t\t<\/div>\n\t\t<\/section>\n\t\t\t\t<section class=\"elementor-section elementor-top-section elementor-element elementor-element-455a32e elementor-section-boxed elementor-section-height-default elementor-section-height-default\" data-id=\"455a32e\" data-element_type=\"section\">\n\t\t\t\t\t\t<div class=\"elementor-container elementor-column-gap-default\">\n\t\t\t\t\t\t\t<div class=\"elementor-row\">\n\t\t\t\t\t<div class=\"elementor-column elementor-col-50 elementor-top-column elementor-element elementor-element-ef79db7\" data-id=\"ef79db7\" data-element_type=\"column\">\n\t\t\t<div class=\"elementor-column-wrap elementor-element-populated\">\n\t\t\t\t\t\t\t<div class=\"elementor-widget-wrap\">\n\t\t\t\t\t\t<div class=\"elementor-element elementor-element-0fb86c7 elementor-widget elementor-widget-image\" data-id=\"0fb86c7\" data-element_type=\"widget\" data-widget_type=\"image.default\">\n\t\t\t\t<div class=\"elementor-widget-container\">\n\t\t\t\t\t\t\t\t<div class=\"elementor-image\">\n\t\t\t\t\t\t\t\t\t\t\t\t\t<a href=\"https:\/\/kanea.be\/?page_id=259\">\n\t\t\t\t\t\t\t<img width=\"300\" height=\"300\" src=\"https:\/\/kanea.be\/wp-content\/uploads\/2021\/04\/KANEA-JUILLET-21-1-1-300x300.jpg\" class=\"elementor-animation-shrink attachment-medium size-medium\" alt=\"\" loading=\"lazy\" srcset=\"https:\/\/kanea.be\/wp-content\/uploads\/2021\/04\/KANEA-JUILLET-21-1-1-300x300.jpg 300w, https:\/\/kanea.be\/wp-content\/uploads\/2021\/04\/KANEA-JUILLET-21-1-1-150x150.jpg 150w, https:\/\/kanea.be\/wp-content\/uploads\/2021\/04\/KANEA-JUILLET-21-1-1-768x768.jpg 768w, https:\/\/kanea.be\/wp-content\/uploads\/2021\/04\/KANEA-JUILLET-21-1-1-1024x1024.jpg 1024w\" sizes=\"(max-width: 300px) 100vw, 300px\" \/>\t\t\t\t\t\t\t\t<\/a>\n\t\t\t\t\t\t\t\t\t\t\t\t\t\t<\/div>\n\t\t\t\t\t\t<\/div>\n\t\t\t\t<\/div>\n\t\t\t\t\t\t<\/div>\n\t\t\t\t\t<\/div>\n\t\t<\/div>\n\t\t\t\t<div class=\"elementor-column elementor-col-50 elementor-top-column elementor-element elementor-element-90770af\" data-id=\"90770af\" data-element_type=\"column\">\n\t\t\t<div class=\"elementor-column-wrap elementor-element-populated\">\n\t\t\t\t\t\t\t<div class=\"elementor-widget-wrap\">\n\t\t\t\t\t\t<div class=\"elementor-element elementor-element-7efbe0d elementor-widget elementor-widget-image\" data-id=\"7efbe0d\" data-element_type=\"widget\" data-widget_type=\"image.default\">\n\t\t\t\t<div class=\"elementor-widget-container\">\n\t\t\t\t\t\t\t\t<div class=\"elementor-image\">\n\t\t\t\t\t\t\t\t\t\t\t\t\t<a href=\"https:\/\/kanea.be\/?page_id=270\">\n\t\t\t\t\t\t\t<img width=\"300\" height=\"300\" src=\"https:\/\/kanea.be\/wp-content\/uploads\/2021\/04\/KANEA-JUILLET-21-2-300x300.jpg\" class=\"elementor-animation-shrink attachment-medium size-medium\" alt=\"\" loading=\"lazy\" srcset=\"https:\/\/kanea.be\/wp-content\/uploads\/2021\/04\/KANEA-JUILLET-21-2-300x300.jpg 300w, https:\/\/kanea.be\/wp-content\/uploads\/2021\/04\/KANEA-JUILLET-21-2-150x150.jpg 150w, https:\/\/kanea.be\/wp-content\/uploads\/2021\/04\/KANEA-JUILLET-21-2-768x768.jpg 768w, https:\/\/kanea.be\/wp-content\/uploads\/2021\/04\/KANEA-JUILLET-21-2.jpg 800w\" sizes=\"(max-width: 300px) 100vw, 300px\" \/>\t\t\t\t\t\t\t\t<\/a>\n\t\t\t\t\t\t\t\t\t\t\t\t\t\t<\/div>\n\t\t\t\t\t\t<\/div>\n\t\t\t\t<\/div>\n\t\t\t\t\t\t<\/div>\n\t\t\t\t\t<\/div>\n\t\t<\/div>\n\t\t\t\t\t\t\t\t<\/div>\n\t\t\t\t\t<\/div>\n\t\t<\/section>\n\t\t\t\t<section class=\"elementor-section elementor-top-section elementor-element elementor-element-6670dce elementor-section-boxed elementor-section-height-default elementor-section-height-default\" data-id=\"6670dce\" data-element_type=\"section\">\n\t\t\t\t\t\t<div class=\"elementor-container elementor-column-gap-default\">\n\t\t\t\t\t\t\t<div class=\"elementor-row\">\n\t\t\t\t\t<div class=\"elementor-column elementor-col-100 elementor-top-column elementor-element elementor-element-c661bca\" data-id=\"c661bca\" data-element_type=\"column\">\n\t\t\t<div class=\"elementor-column-wrap elementor-element-populated\">\n\t\t\t\t\t\t\t<div class=\"elementor-widget-wrap\">\n\t\t\t\t\t\t<div class=\"elementor-element elementor-element-e228d40 elementor-widget elementor-widget-heading\" data-id=\"e228d40\" data-element_type=\"widget\" data-widget_type=\"heading.default\">\n\t\t\t\t<div class=\"elementor-widget-container\">\n\t\t\t<h1 class=\"elementor-heading-title elementor-size-xl\">Les stages pass\u00e9s<\/h1>\t\t<\/div>\n\t\t\t\t<\/div>\n\t\t\t\t\t\t<\/div>\n\t\t\t\t\t<\/div>\n\t\t<\/div>\n\t\t\t\t\t\t\t\t<\/div>\n\t\t\t\t\t<\/div>\n\t\t<\/section>\n\t\t\t\t<section class=\"elementor-section elementor-top-section elementor-element elementor-element-387b0b1 elementor-section-boxed elementor-section-height-default elementor-section-height-default\" data-id=\"387b0b1\" data-element_type=\"section\">\n\t\t\t\t\t\t<div class=\"elementor-container elementor-column-gap-default\">\n\t\t\t\t\t\t\t<div class=\"elementor-row\">\n\t\t\t\t\t<div class=\"elementor-column elementor-col-50 elementor-top-column elementor-element elementor-element-c986f06\" data-id=\"c986f06\" data-element_type=\"column\">\n\t\t\t<div class=\"elementor-column-wrap elementor-element-populated\">\n\t\t\t\t\t\t\t<div class=\"elementor-widget-wrap\">\n\t\t\t\t\t\t<div class=\"elementor-element elementor-element-f9662a1 elementor-widget elementor-widget-image\" data-id=\"f9662a1\" data-element_type=\"widget\" data-widget_type=\"image.default\">\n\t\t\t\t<div class=\"elementor-widget-container\">\n\t\t\t\t\t\t\t\t<div class=\"elementor-image\">\n\t\t\t\t\t\t\t\t\t\t\t\t\t<a href=\"https:\/\/kanea.be\/?page_id=236\">\n\t\t\t\t\t\t\t<img width=\"300\" height=\"300\" src=\"https:\/\/kanea.be\/wp-content\/uploads\/2020\/10\/kanea-toussaint-2020-300x300.jpg\" class=\"elementor-animation-shrink attachment-medium size-medium\" alt=\"\" loading=\"lazy\" srcset=\"https:\/\/kanea.be\/wp-content\/uploads\/2020\/10\/kanea-toussaint-2020-300x300.jpg 300w, https:\/\/kanea.be\/wp-content\/uploads\/2020\/10\/kanea-toussaint-2020-150x150.jpg 150w, https:\/\/kanea.be\/wp-content\/uploads\/2020\/10\/kanea-toussaint-2020-768x768.jpg 768w, https:\/\/kanea.be\/wp-content\/uploads\/2020\/10\/kanea-toussaint-2020-1024x1024.jpg 1024w\" sizes=\"(max-width: 300px) 100vw, 300px\" \/>\t\t\t\t\t\t\t\t<\/a>\n\t\t\t\t\t\t\t\t\t\t\t\t\t\t<\/div>\n\t\t\t\t\t\t<\/div>\n\t\t\t\t<\/div>\n\t\t\t\t\t\t<\/div>\n\t\t\t\t\t<\/div>\n\t\t<\/div>\n\t\t\t\t<div class=\"elementor-column elementor-col-50 elementor-top-column elementor-element elementor-element-1d96705\" data-id=\"1d96705\" data-element_type=\"column\">\n\t\t\t<div class=\"elementor-column-wrap elementor-element-populated\">\n\t\t\t\t\t\t\t<div class=\"elementor-widget-wrap\">\n\t\t\t\t\t\t<div class=\"elementor-element elementor-element-8b12f0d elementor-widget elementor-widget-image\" data-id=\"8b12f0d\" data-element_type=\"widget\" data-widget_type=\"image.default\">\n\t\t\t\t<div class=\"elementor-widget-container\">\n\t\t\t\t\t\t\t\t<div class=\"elementor-image\">\n\t\t\t\t\t\t\t\t\t\t\t\t\t<a href=\"https:\/\/kanea.be\/?page_id=253\">\n\t\t\t\t\t\t\t<img width=\"300\" height=\"300\" src=\"https:\/\/kanea.be\/wp-content\/uploads\/2021\/01\/kanea-carnaval-2021-v3-300x300.jpg\" class=\"elementor-animation-shrink attachment-medium size-medium\" alt=\"\" loading=\"lazy\" srcset=\"https:\/\/kanea.be\/wp-content\/uploads\/2021\/01\/kanea-carnaval-2021-v3-300x300.jpg 300w, https:\/\/kanea.be\/wp-content\/uploads\/2021\/01\/kanea-carnaval-2021-v3-150x150.jpg 150w, https:\/\/kanea.be\/wp-content\/uploads\/2021\/01\/kanea-carnaval-2021-v3-768x768.jpg 768w, https:\/\/kanea.be\/wp-content\/uploads\/2021\/01\/kanea-carnaval-2021-v3-1024x1024.jpg 1024w\" sizes=\"(max-width: 300px) 100vw, 300px\" \/>\t\t\t\t\t\t\t\t<\/a>\n\t\t\t\t\t\t\t\t\t\t\t\t\t\t<\/div>\n\t\t\t\t\t\t<\/div>\n\t\t\t\t<\/div>\n\t\t\t\t\t\t<\/div>\n\t\t\t\t\t<\/div>\n\t\t<\/div>\n\t\t\t\t\t\t\t\t<\/div>\n\t\t\t\t\t<\/div>\n\t\t<\/section>\n\t\t\t\t<section class=\"elementor-section elementor-top-section elementor-element elementor-element-f5d1d28 elementor-section-boxed elementor-section-height-default elementor-section-height-default\" data-id=\"f5d1d28\" data-element_type=\"section\">\n\t\t\t\t\t\t<div class=\"elementor-container elementor-column-gap-default\">\n\t\t\t\t\t\t\t<div class=\"elementor-row\">\n\t\t\t\t\t<div class=\"elementor-column elementor-col-100 elementor-top-column elementor-element elementor-element-4e97091\" data-id=\"4e97091\" data-element_type=\"column\">\n\t\t\t<div class=\"elementor-column-wrap elementor-element-populated\">\n\t\t\t\t\t\t\t<div class=\"elementor-widget-wrap\">\n\t\t\t\t\t\t<div class=\"elementor-element elementor-element-a4335e3 elementor-widget elementor-widget-heading\" data-id=\"a4335e3\" data-element_type=\"widget\" data-widget_type=\"heading.default\">\n\t\t\t\t<div class=\"elementor-widget-container\">\n\t\t\t<h1 class=\"elementor-heading-title elementor-size-xl\">Autres stages de notre catalogue<\/h1>\t\t<\/div>\n\t\t\t\t<\/div>\n\t\t\t\t\t\t<\/div>\n\t\t\t\t\t<\/div>\n\t\t<\/div>\n\t\t\t\t\t\t\t\t<\/div>\n\t\t\t\t\t<\/div>\n\t\t<\/section>\n\t\t\t\t<section class=\"elementor-section elementor-top-section elementor-element elementor-element-18cb336 elementor-section-boxed elementor-section-height-default elementor-section-height-default\" data-id=\"18cb336\" data-element_type=\"section\">\n\t\t\t\t\t\t<div class=\"elementor-container elementor-column-gap-default\">\n\t\t\t\t\t\t\t<div class=\"elementor-row\">\n\t\t\t\t\t<div class=\"elementor-column elementor-col-100 elementor-top-column elementor-element elementor-element-ab86f1c\" data-id=\"ab86f1c\" data-element_type=\"column\">\n\t\t\t<div class=\"elementor-column-wrap elementor-element-populated\">\n\t\t\t\t\t\t\t<div class=\"elementor-widget-wrap\">\n\t\t\t\t\t\t<div class=\"elementor-element elementor-element-044c0d6 elementor-widget elementor-widget-premium-img-gallery\" data-id=\"044c0d6\" data-element_type=\"widget\" data-widget_type=\"premium-img-gallery.default\">\n\t\t\t\t<div class=\"elementor-widget-container\">\n\t\t\t\n\t<div class=\"premium-img-gallery-no-lightbox premium-img-gallery premium-img-gallery-fitRows zoomin\" id=\"premium-img-gallery-044c0d6\">\n\t\t\n\t\t<div class=\"premium-gallery-container\" data-settings=\"{&quot;img_size&quot;:&quot;fitRows&quot;,&quot;filter&quot;:&quot;&quot;,&quot;theme&quot;:null,&quot;active_cat&quot;:&quot;*&quot;,&quot;ltr_mode&quot;:true,&quot;shuffle&quot;:false,&quot;sort_by&quot;:&quot;original-order&quot;,&quot;skin&quot;:&quot;style3&quot;}\">\n\n\t\t\t\t\t\t\t<div class=\"premium-gallery-item elementor-repeater-item-49525a7 stage\">\n\t\t\t\t<div class=\"pa-gallery-img style3\" onclick=\"\">\n\t\t\t\t\t<div class=\"pa-gallery-img-container\">\n\t\t\t\t\t\t\n\t\t<img class=\"pa-gallery-image\" src=\"https:\/\/kanea.be\/wp-content\/uploads\/2019\/10\/26843-300x186.jpg\" alt=\"Children play drama on stage illustration\">\n\t\t\t\t\t\t\t\t\t<div class=\"pa-gallery-icons-wrapper\">\n\t\t\t\t\t\t\t\t<div class=\"pa-gallery-icons-inner-container\">\n\t\t\t\t\t\t\t\t\t\t\t\t\t\t<a class=\"pa-gallery-img-link\" href=\"https:\/\/kanea.be\/?p=27\">\n\t\t\t\t\t\t<span>\n\t\t\t\t\t\t\t<i aria-hidden=\"true\" class=\"far fa-eye\"><\/i>\t\t\t\t\t\t<\/span>\n\t\t\t\t\t<\/a>\n\t\t\t\t\t\t\t\t\t\t\t\t\t<\/div>\n\t\t\t\t\t\t\t<\/div>\n\t\t\t\t\t\t\t\t\t\t\t<\/div>\n\t\t\t\t\t\t\t\t<div class=\"premium-gallery-caption\">\n\n\t\t\t\t\t\t\t\t\t<span class=\"premium-gallery-img-name\">Contes et th\u00e9\u00e2tre : le loup !<\/span>\n\t\t\t\t\t\n\t\t\t<\/div>\n\t\t\t\t\t\t\t<\/div>\n\t\t\t<\/div>\n\t\t\t\t\t\t\t<div class=\"premium-gallery-item elementor-repeater-item-d61db59 stage\">\n\t\t\t\t<div class=\"pa-gallery-img style3\" onclick=\"\">\n\t\t\t\t\t<div class=\"pa-gallery-img-container\">\n\t\t\t\t\t\t\n\t\t<img class=\"pa-gallery-image\" src=\"https:\/\/kanea.be\/wp-content\/uploads\/2019\/12\/6201-300x247.jpg\" alt=\"Many kids playing football in the garden illustration\">\n\t\t\t\t\t\t\t\t\t<div class=\"pa-gallery-icons-wrapper\">\n\t\t\t\t\t\t\t\t<div class=\"pa-gallery-icons-inner-container\">\n\t\t\t\t\t\t\t\t\t\t\t\t\t\t<a class=\"pa-gallery-img-link\" href=\"https:\/\/kanea.be\/?p=40\">\n\t\t\t\t\t\t<span>\n\t\t\t\t\t\t\t<i aria-hidden=\"true\" class=\"far fa-eye\"><\/i>\t\t\t\t\t\t<\/span>\n\t\t\t\t\t<\/a>\n\t\t\t\t\t\t\t\t\t\t\t\t\t<\/div>\n\t\t\t\t\t\t\t<\/div>\n\t\t\t\t\t\t\t\t\t\t\t<\/div>\n\t\t\t\t\t\t\t\t<div class=\"premium-gallery-caption\">\n\n\t\t\t\t\t\t\t\t\t<span class=\"premium-gallery-img-name\">Foot-freestyle : \u00e0 la d\u00e9couverte du foot artistique et acrobatique<\/span>\n\t\t\t\t\t\n\t\t\t<\/div>\n\t\t\t\t\t\t\t<\/div>\n\t\t\t<\/div>\n\t\t\t\t\t\t\t<div class=\"premium-gallery-item elementor-repeater-item-6b8ad36 stage\">\n\t\t\t\t<div class=\"pa-gallery-img style3\" onclick=\"\">\n\t\t\t\t\t<div class=\"pa-gallery-img-container\">\n\t\t\t\t\t\t\n\t\t<img class=\"pa-gallery-image\" src=\"https:\/\/kanea.be\/wp-content\/uploads\/2019\/09\/boy-1846310_1920-300x200.jpg\" alt=\"boy-1846310_1920\">\n\t\t\t\t\t\t\t\t\t<div class=\"pa-gallery-icons-wrapper\">\n\t\t\t\t\t\t\t\t<div class=\"pa-gallery-icons-inner-container\">\n\t\t\t\t\t\t\t\t\t\t\t\t\t\t<a class=\"pa-gallery-img-link\" href=\"https:\/\/kanea.be\/?p=14\">\n\t\t\t\t\t\t<span>\n\t\t\t\t\t\t\t<i aria-hidden=\"true\" class=\"far fa-eye\"><\/i>\t\t\t\t\t\t<\/span>\n\t\t\t\t\t<\/a>\n\t\t\t\t\t\t\t\t\t\t\t\t\t<\/div>\n\t\t\t\t\t\t\t<\/div>\n\t\t\t\t\t\t\t\t\t\t\t<\/div>\n\t\t\t\t\t\t\t\t<div class=\"premium-gallery-caption\">\n\n\t\t\t\t\t\t\t\t\t<span class=\"premium-gallery-img-name\">Les secrets de la photographie<\/span>\n\t\t\t\t\t\n\t\t\t<\/div>\n\t\t\t\t\t\t\t<\/div>\n\t\t\t<\/div>\n\t\t\t\n\t\t\t\t\t<\/div>\n\n\t\t\n\t<\/div>\n\n\t\t\n\t\t\n\t\t\t\t<\/div>\n\t\t\t\t<\/div>\n\t\t\t\t\t\t<\/div>\n\t\t\t\t\t<\/div>\n\t\t<\/div>\n\t\t\t\t\t\t\t\t<\/div>\n\t\t\t\t\t<\/div>\n\t\t<\/section>\n\t\t\t\t\t\t<\/div>\n\t\t\t\t\t\t<\/div>\n\t\t\t\t\t<\/div>\n\t\t","protected":false},"excerpt":{"rendered":"<p>\u00c0 VENIR Les stages pass\u00e9s Autres stages de notre catalogue Contes et th\u00e9\u00e2tre : le loup ! Foot-freestyle : \u00e0 la d\u00e9couverte du foot artistique et acrobatique Les secrets de la photographie<\/p>\n","protected":false},"author":1,"featured_media":0,"parent":0,"menu_order":0,"comment_status":"closed","ping_status":"closed","template":"elementor_header_footer","meta":[],"_links":{"self":[{"href":"https:\/\/kanea.be\/index.php?rest_route=\/wp\/v2\/pages\/281"}],"collection":[{"href":"https:\/\/kanea.be\/index.php?rest_route=\/wp\/v2\/pages"}],"about":[{"href":"https:\/\/kanea.be\/index.php?rest_route=\/wp\/v2\/types\/page"}],"author":[{"embeddable":true,"href":"https:\/\/kanea.be\/index.php?rest_route=\/wp\/v2\/users\/1"}],"replies":[{"embeddable":true,"href":"https:\/\/kanea.be\/index.php?rest_route=%2Fwp%2Fv2%2Fcomments&post=281"}],"version-history":[{"count":2,"href":"https:\/\/kanea.be\/index.php?rest_route=\/wp\/v2\/pages\/281\/revisions"}],"predecessor-version":[{"id":283,"href":"https:\/\/kanea.be\/index.php?rest_route=\/wp\/v2\/pages\/281\/revisions\/283"}],"wp:attachment":[{"href":"https:\/\/kanea.be\/index.php?rest_route=%2Fwp%2Fv2%2Fmedia&parent=281"}],"curies":[{"name":"wp","href":"https:\/\/api.w.org\/{rel}","templated":true}]}}