{"id":253,"date":"2021-01-17T20:49:01","date_gmt":"2021-01-17T19:49:01","guid":{"rendered":"http:\/\/www.kanea.be\/?page_id=253"},"modified":"2021-01-17T20:52:23","modified_gmt":"2021-01-17T19:52:23","slug":"les-ptits-chefs","status":"publish","type":"page","link":"https:\/\/kanea.be\/?page_id=253","title":{"rendered":"Les P&rsquo;tits Chefs"},"content":{"rendered":"\t\t<div data-elementor-type=\"wp-page\" data-elementor-id=\"253\" class=\"elementor elementor-253\" data-elementor-settings=\"[]\">\n\t\t\t\t\t\t<div class=\"elementor-inner\">\n\t\t\t\t\t\t\t<div class=\"elementor-section-wrap\">\n\t\t\t\t\t\t\t<section class=\"elementor-section elementor-top-section elementor-element elementor-element-1bc3c9e elementor-section-boxed elementor-section-height-default elementor-section-height-default\" data-id=\"1bc3c9e\" data-element_type=\"section\">\n\t\t\t\t\t\t<div class=\"elementor-container elementor-column-gap-default\">\n\t\t\t\t\t\t\t<div class=\"elementor-row\">\n\t\t\t\t\t<div class=\"elementor-column elementor-col-100 elementor-top-column elementor-element elementor-element-46aa8a8\" data-id=\"46aa8a8\" data-element_type=\"column\">\n\t\t\t<div class=\"elementor-column-wrap elementor-element-populated\">\n\t\t\t\t\t\t\t<div class=\"elementor-widget-wrap\">\n\t\t\t\t\t\t<div class=\"elementor-element elementor-element-2486d11 elementor-widget elementor-widget-image\" data-id=\"2486d11\" data-element_type=\"widget\" data-widget_type=\"image.default\">\n\t\t\t\t<div class=\"elementor-widget-container\">\n\t\t\t\t\t\t\t\t<div class=\"elementor-image\">\n\t\t\t\t\t\t\t\t\t\t\t\t<img width=\"150\" height=\"150\" src=\"https:\/\/kanea.be\/wp-content\/uploads\/2021\/01\/kanea-carnaval-2021-v3-150x150.jpg\" class=\"attachment-thumbnail size-thumbnail\" alt=\"\" loading=\"lazy\" srcset=\"https:\/\/kanea.be\/wp-content\/uploads\/2021\/01\/kanea-carnaval-2021-v3-150x150.jpg 150w, https:\/\/kanea.be\/wp-content\/uploads\/2021\/01\/kanea-carnaval-2021-v3-300x300.jpg 300w, https:\/\/kanea.be\/wp-content\/uploads\/2021\/01\/kanea-carnaval-2021-v3-768x768.jpg 768w, https:\/\/kanea.be\/wp-content\/uploads\/2021\/01\/kanea-carnaval-2021-v3-1024x1024.jpg 1024w\" sizes=\"(max-width: 150px) 100vw, 150px\" \/>\t\t\t\t\t\t\t\t\t\t\t\t\t\t<\/div>\n\t\t\t\t\t\t<\/div>\n\t\t\t\t<\/div>\n\t\t\t\t<div class=\"elementor-element elementor-element-ed9e836 elementor-widget elementor-widget-text-editor\" data-id=\"ed9e836\" data-element_type=\"widget\" data-widget_type=\"text-editor.default\">\n\t\t\t\t<div class=\"elementor-widget-container\">\n\t\t\t\t\t\t\t\t<div class=\"elementor-text-editor elementor-clearfix\">\n\t\t\t\t\t<h1 style=\"font-variant-ligatures: normal; font-variant-caps: normal; font-family: Roboto, sans-serif; font-size: 14px; font-style: normal; font-weight: 400; color: #7a7a7a;\"><strong><span style=\"font-size: 14px;\">Les P&rsquo;tits Chefs.<\/span><\/strong><\/h1><p style=\"font-variant-ligatures: normal; font-variant-caps: normal; font-family: Roboto, sans-serif; font-size: 14px; font-style: normal; font-weight: 400; color: #7a7a7a;\"><span style=\"font-size: 14px; font-weight: 400;\">Les enfants sont r\u00e9partis en deux \u00e9quipes, ils trouvent un nom \u00e0 leur \u00e9quipe, cr\u00e9ent leur toque, leur menu, un d\u00e9cor, cuisinent \u2026 en vue du \u201cgrand concours\u201d qui aura lieu le vendredi tout au long de la journ\u00e9e.\u00a0<\/span><\/p><p style=\"font-variant-ligatures: normal; font-variant-caps: normal; font-family: Roboto, sans-serif; font-size: 14px; font-style: normal; font-weight: 400; color: #7a7a7a;\"><span style=\"font-size: 14px; font-weight: 400;\">L\u2019objectif du stage est de d\u00e9couvrir le monde de la cuisine en s\u2019amusant.<\/span><\/p><p><span style=\"font-weight: 400;\">En s\u2019inspirant des concours du style \u201cTop chef\u201d, ce stage permet aux enfants de toucher \u00e0 une multitudes d\u2019activit\u00e9s : cuisine, bricolage, jeu d\u2019\u00e9quipe,&#8230;\u00a0<\/span><\/p><p><span style=\"font-weight: 400;\">Bien que l\u2019id\u00e9e de d\u00e9part soit un concours, les animatrices veilleront \u00e0 ce que tous les enfants gagnent.<\/span><\/p><p><span style=\"font-weight: 400;\">Elles pr\u00e9voient \u00e9galement dans le programme des activit\u00e9s en ext\u00e9rieur, de la psychomotricit\u00e9, \u2026 afin de varier les plaisirs. Les activit\u00e9s changent toutes les 45 minutes pour s\u2019adapter au mieux au rythme des enfants.<\/span><\/p><p style=\"font-variant-ligatures: normal; font-variant-caps: normal; font-family: 'Open Sans', sans-serif; font-size: 14px; font-style: normal; font-weight: 400; color: #3c3c3c;\">\u00c2ge : 2,5 \u2013 6 ans<br \/>Dates : du 15 au 19 f\u00e9vrier 2021<\/p><p style=\"color: #3c3c3c; font-family: 'Open Sans', sans-serif;\">Lieu : \u00c9cole 7 \u00e9toiles \u2013 Rue de l\u2019\u00c9toile Polaire, 11 \u2013 1082 Berchem-Sainte-Agathe<\/p><p style=\"color: #3c3c3c; font-family: 'Open Sans', sans-serif;\">En partenariat avec le Service Jeunesse de la Commune de Berchem-Sainte-Agathe.<\/p><p style=\"color: #3c3c3c; font-family: 'Open Sans', sans-serif;\">Tarif : 80\u20ac Berchemois \u2013 (120\u20ac non Berchemois)<\/p><p><span style=\"color: #3c3c3c; font-family: Open Sans, sans-serif;\">Infos et inscriptions aupr\u00e8s du Service Jeunesse : 02 563 59 20<\/span><br \/><span style=\"color: #3c3c3c; font-family: Open Sans, sans-serif;\">jeunesse.jeugd@berchem.brussels<\/span><\/p>\t\t\t\t\t<\/div>\n\t\t\t\t\t\t<\/div>\n\t\t\t\t<\/div>\n\t\t\t\t\t\t<\/div>\n\t\t\t\t\t<\/div>\n\t\t<\/div>\n\t\t\t\t\t\t\t\t<\/div>\n\t\t\t\t\t<\/div>\n\t\t<\/section>\n\t\t\t\t\t\t<\/div>\n\t\t\t\t\t\t<\/div>\n\t\t\t\t\t<\/div>\n\t\t","protected":false},"excerpt":{"rendered":"<p>Les P&rsquo;tits Chefs. Les enfants sont r\u00e9partis en deux \u00e9quipes, ils trouvent un nom \u00e0 leur \u00e9quipe, cr\u00e9ent leur toque, leur menu, un d\u00e9cor, cuisinent \u2026 en vue du \u201cgrand concours\u201d qui aura lieu le vendredi tout au long de la journ\u00e9e.\u00a0 L\u2019objectif du stage est de d\u00e9couvrir le monde de la cuisine en s\u2019amusant. [&hellip;]<\/p>\n","protected":false},"author":1,"featured_media":238,"parent":0,"menu_order":0,"comment_status":"closed","ping_status":"closed","template":"elementor_header_footer","meta":[],"_links":{"self":[{"href":"https:\/\/kanea.be\/index.php?rest_route=\/wp\/v2\/pages\/253"}],"collection":[{"href":"https:\/\/kanea.be\/index.php?rest_route=\/wp\/v2\/pages"}],"about":[{"href":"https:\/\/kanea.be\/index.php?rest_route=\/wp\/v2\/types\/page"}],"author":[{"embeddable":true,"href":"https:\/\/kanea.be\/index.php?rest_route=\/wp\/v2\/users\/1"}],"replies":[{"embeddable":true,"href":"https:\/\/kanea.be\/index.php?rest_route=%2Fwp%2Fv2%2Fcomments&post=253"}],"version-history":[{"count":3,"href":"https:\/\/kanea.be\/index.php?rest_route=\/wp\/v2\/pages\/253\/revisions"}],"predecessor-version":[{"id":256,"href":"https:\/\/kanea.be\/index.php?rest_route=\/wp\/v2\/pages\/253\/revisions\/256"}],"wp:featuredmedia":[{"embeddable":true,"href":"https:\/\/kanea.be\/index.php?rest_route=\/wp\/v2\/media\/238"}],"wp:attachment":[{"href":"https:\/\/kanea.be\/index.php?rest_route=%2Fwp%2Fv2%2Fmedia&parent=253"}],"curies":[{"name":"wp","href":"https:\/\/api.w.org\/{rel}","templated":true}]}}