{"id":236,"date":"2020-10-12T17:28:29","date_gmt":"2020-10-12T15:28:29","guid":{"rendered":"http:\/\/www.kanea.be\/?page_id=236"},"modified":"2020-10-12T20:57:55","modified_gmt":"2020-10-12T18:57:55","slug":"monstres-sorcieres-et-cie-stage-multi-activites","status":"publish","type":"page","link":"https:\/\/kanea.be\/?page_id=236","title":{"rendered":"Monstres, Sorci\u00e8res et Cie (stage multi-activit\u00e9s)"},"content":{"rendered":"\t\t<div data-elementor-type=\"wp-page\" data-elementor-id=\"236\" class=\"elementor elementor-236\" data-elementor-settings=\"[]\">\n\t\t\t\t\t\t<div class=\"elementor-inner\">\n\t\t\t\t\t\t\t<div class=\"elementor-section-wrap\">\n\t\t\t\t\t\t\t<section class=\"elementor-section elementor-top-section elementor-element elementor-element-1bc3c9e elementor-section-boxed elementor-section-height-default elementor-section-height-default\" data-id=\"1bc3c9e\" data-element_type=\"section\">\n\t\t\t\t\t\t<div class=\"elementor-container elementor-column-gap-default\">\n\t\t\t\t\t\t\t<div class=\"elementor-row\">\n\t\t\t\t\t<div class=\"elementor-column elementor-col-100 elementor-top-column elementor-element elementor-element-46aa8a8\" data-id=\"46aa8a8\" data-element_type=\"column\">\n\t\t\t<div class=\"elementor-column-wrap elementor-element-populated\">\n\t\t\t\t\t\t\t<div class=\"elementor-widget-wrap\">\n\t\t\t\t\t\t<div class=\"elementor-element elementor-element-2486d11 elementor-widget elementor-widget-image\" data-id=\"2486d11\" data-element_type=\"widget\" data-widget_type=\"image.default\">\n\t\t\t\t<div class=\"elementor-widget-container\">\n\t\t\t\t\t\t\t\t<div class=\"elementor-image\">\n\t\t\t\t\t\t\t\t\t\t\t\t<img width=\"300\" height=\"300\" src=\"https:\/\/kanea.be\/wp-content\/uploads\/2020\/10\/kanea-toussaint-2020-300x300.jpg\" class=\"attachment-medium size-medium\" alt=\"\" loading=\"lazy\" srcset=\"https:\/\/kanea.be\/wp-content\/uploads\/2020\/10\/kanea-toussaint-2020-300x300.jpg 300w, https:\/\/kanea.be\/wp-content\/uploads\/2020\/10\/kanea-toussaint-2020-150x150.jpg 150w, https:\/\/kanea.be\/wp-content\/uploads\/2020\/10\/kanea-toussaint-2020-768x768.jpg 768w, https:\/\/kanea.be\/wp-content\/uploads\/2020\/10\/kanea-toussaint-2020-1024x1024.jpg 1024w\" sizes=\"(max-width: 300px) 100vw, 300px\" \/>\t\t\t\t\t\t\t\t\t\t\t\t\t\t<\/div>\n\t\t\t\t\t\t<\/div>\n\t\t\t\t<\/div>\n\t\t\t\t<div class=\"elementor-element elementor-element-ed9e836 elementor-widget elementor-widget-text-editor\" data-id=\"ed9e836\" data-element_type=\"widget\" data-widget_type=\"text-editor.default\">\n\t\t\t\t<div class=\"elementor-widget-container\">\n\t\t\t\t\t\t\t\t<div class=\"elementor-text-editor elementor-clearfix\">\n\t\t\t\t\t<h1 style=\"font-variant-ligatures: normal; font-variant-caps: normal; font-family: Roboto, sans-serif; font-size: 14px; font-style: normal; font-weight: 400;\"><strong><span style=\"color: #3c3c3c; font-family: 'Open Sans', sans-serif; font-size: 14px; font-style: normal; font-variant-ligatures: normal; font-variant-caps: normal;\">Monstres, Sorci\u00e8res et Cie&#8230;<\/span><\/strong><\/h1><p style=\"font-variant-ligatures: normal; font-variant-caps: normal; font-family: Roboto, sans-serif; font-size: 14px; font-style: normal; font-weight: 400;\"><span style=\"color: #3c3c3c; font-family: Open Sans, sans-serif;\">C&rsquo;est une semaine de stage multi-activit\u00e9s durant laquelle les enfants joueront, bricoleront, bougeront, cuisineront, danseront&#8230; autour du th\u00e8me d&rsquo;Halloween.<\/span><\/p><p style=\"font-variant-ligatures: normal; font-variant-caps: normal; font-family: Roboto, sans-serif; font-size: 14px; font-style: normal; font-weight: 400;\"><span style=\"color: #3c3c3c; font-family: 'Open Sans', sans-serif; font-size: 14px; font-style: normal; font-variant-ligatures: normal; font-variant-caps: normal; font-weight: 400;\">Les animatrices leur ont pr\u00e9par\u00e9 un programme haut en couleurs&#8230; Le stage se d\u00e9roulant au sein de l&rsquo;\u00e9cole communale des 7\u00e9toiles \u00e0 Berchem, elles disposeront de l&rsquo;infrastructure n\u00e9cessaire pour varier les activit\u00e9s.<\/span><\/p><p style=\"color: #3c3c3c; font-family: 'Open Sans', sans-serif;\">\u00c2ge : 2,5 \u2013 6 ans<br \/>Dates : du 2 au 6 avril 2020<br \/>Lieu : \u00c9cole 7 \u00e9toiles \u2013 Rue de l\u2019\u00c9toile Polaire, 11 \u2013 1082 Berchem-Sainte-Agathe<\/p><p style=\"color: #3c3c3c; font-family: 'Open Sans', sans-serif;\">En partenariat avec le Service Jeunesse de la Commune de Berchem-Sainte-Agathe.<\/p><p style=\"color: #3c3c3c; font-family: 'Open Sans', sans-serif;\">Tarif : 80\u20ac Berchemois \u2013 (120\u20ac non Berchemois)<\/p><p><span style=\"color: #3c3c3c; font-family: Open Sans, sans-serif;\">Infos et inscriptions aupr\u00e8s du Service Jeunesse : 02 563 59 20<\/span><br \/><span style=\"color: #3c3c3c; font-family: Open Sans, sans-serif;\">jeunesse.jeugd@berchem.brussels<\/span><\/p>\t\t\t\t\t<\/div>\n\t\t\t\t\t\t<\/div>\n\t\t\t\t<\/div>\n\t\t\t\t\t\t<\/div>\n\t\t\t\t\t<\/div>\n\t\t<\/div>\n\t\t\t\t\t\t\t\t<\/div>\n\t\t\t\t\t<\/div>\n\t\t<\/section>\n\t\t\t\t\t\t<\/div>\n\t\t\t\t\t\t<\/div>\n\t\t\t\t\t<\/div>\n\t\t","protected":false},"excerpt":{"rendered":"<p>Monstres, Sorci\u00e8res et Cie&#8230; C&rsquo;est une semaine de stage multi-activit\u00e9s durant laquelle les enfants joueront, bricoleront, bougeront, cuisineront, danseront&#8230; autour du th\u00e8me d&rsquo;Halloween. Les animatrices leur ont pr\u00e9par\u00e9 un programme haut en couleurs&#8230; Le stage se d\u00e9roulant au sein de l&rsquo;\u00e9cole communale des 7\u00e9toiles \u00e0 Berchem, elles disposeront de l&rsquo;infrastructure n\u00e9cessaire pour varier les activit\u00e9s. [&hellip;]<\/p>\n","protected":false},"author":1,"featured_media":238,"parent":0,"menu_order":0,"comment_status":"closed","ping_status":"closed","template":"elementor_header_footer","meta":[],"_links":{"self":[{"href":"https:\/\/kanea.be\/index.php?rest_route=\/wp\/v2\/pages\/236"}],"collection":[{"href":"https:\/\/kanea.be\/index.php?rest_route=\/wp\/v2\/pages"}],"about":[{"href":"https:\/\/kanea.be\/index.php?rest_route=\/wp\/v2\/types\/page"}],"author":[{"embeddable":true,"href":"https:\/\/kanea.be\/index.php?rest_route=\/wp\/v2\/users\/1"}],"replies":[{"embeddable":true,"href":"https:\/\/kanea.be\/index.php?rest_route=%2Fwp%2Fv2%2Fcomments&post=236"}],"version-history":[{"count":4,"href":"https:\/\/kanea.be\/index.php?rest_route=\/wp\/v2\/pages\/236\/revisions"}],"predecessor-version":[{"id":246,"href":"https:\/\/kanea.be\/index.php?rest_route=\/wp\/v2\/pages\/236\/revisions\/246"}],"wp:featuredmedia":[{"embeddable":true,"href":"https:\/\/kanea.be\/index.php?rest_route=\/wp\/v2\/media\/238"}],"wp:attachment":[{"href":"https:\/\/kanea.be\/index.php?rest_route=%2Fwp%2Fv2%2Fmedia&parent=236"}],"curies":[{"name":"wp","href":"https:\/\/api.w.org\/{rel}","templated":true}]}}