{"id":10,"date":"2019-09-08T20:27:37","date_gmt":"2019-09-08T18:27:37","guid":{"rendered":"http:\/\/kanea.be\/?page_id=10"},"modified":"2019-12-04T23:07:25","modified_gmt":"2019-12-04T22:07:25","slug":"presentation","status":"publish","type":"page","link":"https:\/\/kanea.be\/?page_id=10","title":{"rendered":"Pr\u00e9sentation"},"content":{"rendered":"\n<p>Forts de notre exp\u00e9rience en tant que membres de l\u2019Association des parents de l\u2019\u00e9cole 7 \u00e9toiles et passionn\u00e9s par les mondes de l\u2019enfance et de l\u2019organisation d\u2019\u00e9v\u00e9nements, nous avons d\u00e9cid\u00e9 de nous lancer dans la mise en place d\u2019activit\u00e9s ludiques pour les enfants mais aussi pour leurs parents.&nbsp;<\/p>\n\n\n\n<p>Notre asbl, KANEA, est situ\u00e9e sur le territoire de Berchem-Sainte-Agathe \u00e0 Bruxelles.\u00a0<\/p>\n\n\n\n<p>Nos ateliers hebdomadaires ou mensuels se d\u00e9roulent en semaine et le week-end.&nbsp;<\/p>\n\n\n\n<p>Nous organisons \u00e9galement des stages pendant les vacances scolaires.&nbsp;<\/p>\n\n\n\n<p>Notre ambition est d\u2019offrir des activit\u00e9s d\u2019amusement, de d\u00e9couverte de soi et des autres. Notre ma\u00eetre mot est le PLAISIR.&nbsp;<\/p>\n\n\n\n<p>Notre \u00e9quipe est compos\u00e9e d\u2019animateurs qualifi\u00e9s issus du domaine de l\u2019enfance (instituteurs, pu\u00e9ricultrices, \u00e9ducateurs,\u2026).<\/p>\n\n\n\n<p>Nous sommes reconnus par l\u2019ONE.&nbsp;<br><\/p>\n","protected":false},"excerpt":{"rendered":"<p>Forts de notre exp\u00e9rience en tant que membres de l\u2019Association des parents de l\u2019\u00e9cole 7 \u00e9toiles et passionn\u00e9s par les mondes de l\u2019enfance et de l\u2019organisation d\u2019\u00e9v\u00e9nements, nous avons d\u00e9cid\u00e9 de nous lancer dans la mise en place d\u2019activit\u00e9s ludiques pour les enfants mais aussi pour leurs parents.&nbsp; Notre asbl, KANEA, est situ\u00e9e sur le [&hellip;]<\/p>\n","protected":false},"author":1,"featured_media":0,"parent":0,"menu_order":0,"comment_status":"closed","ping_status":"closed","template":"","meta":[],"_links":{"self":[{"href":"https:\/\/kanea.be\/index.php?rest_route=\/wp\/v2\/pages\/10"}],"collection":[{"href":"https:\/\/kanea.be\/index.php?rest_route=\/wp\/v2\/pages"}],"about":[{"href":"https:\/\/kanea.be\/index.php?rest_route=\/wp\/v2\/types\/page"}],"author":[{"embeddable":true,"href":"https:\/\/kanea.be\/index.php?rest_route=\/wp\/v2\/users\/1"}],"replies":[{"embeddable":true,"href":"https:\/\/kanea.be\/index.php?rest_route=%2Fwp%2Fv2%2Fcomments&post=10"}],"version-history":[{"count":3,"href":"https:\/\/kanea.be\/index.php?rest_route=\/wp\/v2\/pages\/10\/revisions"}],"predecessor-version":[{"id":75,"href":"https:\/\/kanea.be\/index.php?rest_route=\/wp\/v2\/pages\/10\/revisions\/75"}],"wp:attachment":[{"href":"https:\/\/kanea.be\/index.php?rest_route=%2Fwp%2Fv2%2Fmedia&parent=10"}],"curies":[{"name":"wp","href":"https:\/\/api.w.org\/{rel}","templated":true}]}}